{"id":833,"date":"2024-02-29T14:44:29","date_gmt":"2024-02-29T17:44:29","guid":{"rendered":"https:\/\/acrossnt.com.ar\/?page_id=833"},"modified":"2024-02-29T21:09:34","modified_gmt":"2024-03-01T00:09:34","slug":"tendidos-de-fibra-optica","status":"publish","type":"page","link":"https:\/\/acrossnt.com.ar\/index.php\/servicios\/tendidos-de-fibra-optica\/","title":{"rendered":"Tendidos de Fibra \u00d3ptica"},"content":{"rendered":"\t\t<div data-elementor-type=\"wp-page\" data-elementor-id=\"833\" class=\"elementor elementor-833\" data-elementor-post-type=\"page\">\n\t\t\t\t<div class=\"elementor-element elementor-element-517ac90 e-flex e-con-boxed sc_inner_width_none sc_layouts_column_icons_position_left e-con e-parent\" data-id=\"517ac90\" data-element_type=\"container\" data-e-type=\"container\">\n\t\t\t\t\t<div class=\"e-con-inner\">\n\t\t<div class=\"elementor-element elementor-element-40273ad e-con-full e-flex sc_inner_width_none sc_layouts_column_icons_position_left e-con e-child\" data-id=\"40273ad\" data-element_type=\"container\" data-e-type=\"container\">\n\t\t\t\t<div class=\"elementor-element elementor-element-68e54f0 animation_type_block sc_fly_static elementor-invisible elementor-widget elementor-widget-image\" data-id=\"68e54f0\" data-element_type=\"widget\" data-e-type=\"widget\" data-settings=\"{&quot;_animation&quot;:&quot;ta_under_strips&quot;}\" data-widget_type=\"image.default\">\n\t\t\t\t<div class=\"elementor-widget-container\">\n\t\t\t\t\t\t\t\t\t\t\t\t\t\t\t<img fetchpriority=\"high\" decoding=\"async\" width=\"854\" height=\"756\" src=\"https:\/\/acrossnt.com.ar\/wp-content\/uploads\/2024\/02\/fibra0001.png\" class=\"attachment-large size-large wp-image-1083\" alt=\"\" srcset=\"https:\/\/acrossnt.com.ar\/wp-content\/uploads\/2024\/02\/fibra0001.png 854w, https:\/\/acrossnt.com.ar\/wp-content\/uploads\/2024\/02\/fibra0001-300x266.png 300w, https:\/\/acrossnt.com.ar\/wp-content\/uploads\/2024\/02\/fibra0001-768x680.png 768w, https:\/\/acrossnt.com.ar\/wp-content\/uploads\/2024\/02\/fibra0001-370x328.png 370w, https:\/\/acrossnt.com.ar\/wp-content\/uploads\/2024\/02\/fibra0001-840x744.png 840w, https:\/\/acrossnt.com.ar\/wp-content\/uploads\/2024\/02\/fibra0001-410x363.png 410w\" sizes=\"(max-width: 854px) 100vw, 854px\" \/>\t\t\t\t\t\t\t\t\t\t\t\t\t\t\t<\/div>\n\t\t\t\t<\/div>\n\t\t\t\t<\/div>\n\t\t<div class=\"elementor-element elementor-element-cc00fa6 e-con-full e-flex sc_inner_width_none sc_layouts_column_icons_position_left e-con e-child\" data-id=\"cc00fa6\" data-element_type=\"container\" data-e-type=\"container\">\n\t\t\t\t<div class=\"elementor-element elementor-element-e4c0adf animation_type_block sc_fly_static elementor-invisible elementor-widget elementor-widget-trx_sc_title\" data-id=\"e4c0adf\" data-element_type=\"widget\" data-e-type=\"widget\" data-settings=\"{&quot;_animation&quot;:&quot;ta_under_strips&quot;}\" data-widget_type=\"trx_sc_title.default\">\n\t\t\t\t<div class=\"elementor-widget-container\">\n\t\t\t\t\t<div\t\tclass=\"sc_title sc_title_default\" ><h2 class=\"sc_item_title sc_title_title sc_item_title_style_default\"\n\t\t\t><span class=\"sc_item_title_text\">Conexi\u00f3n de calidad superior.<\/span><\/h2><div class=\"sc_item_descr sc_title_descr\"><p>Nuestros servicios de tendido de fibra \u00f3ptica aseguran una conexi\u00f3n de calidad superior y confiable para empresas de telecomunicaciones.<\/p>\n<\/div><\/div>\t\t\t\t<\/div>\n\t\t\t\t<\/div>\n\t\t\t\t<\/div>\n\t\t\t\t\t<\/div>\n\t\t\t\t<\/div>\n\t\t<div class=\"elementor-element elementor-element-deeabac e-flex e-con-boxed sc_inner_width_none sc_layouts_column_icons_position_left e-con e-parent\" data-id=\"deeabac\" data-element_type=\"container\" data-e-type=\"container\">\n\t\t\t\t\t<div class=\"e-con-inner\">\n\t\t<div class=\"elementor-element elementor-element-f06f171 e-con-full e-flex sc_inner_width_none sc_layouts_column_icons_position_left e-con e-child\" data-id=\"f06f171\" data-element_type=\"container\" data-e-type=\"container\">\n\t\t\t\t<div class=\"elementor-element elementor-element-89f0c13 animation_type_block sc_fly_static elementor-invisible elementor-widget elementor-widget-trx_sc_title\" data-id=\"89f0c13\" data-element_type=\"widget\" data-e-type=\"widget\" data-settings=\"{&quot;_animation&quot;:&quot;ta_under_strips&quot;}\" data-widget_type=\"trx_sc_title.default\">\n\t\t\t\t<div class=\"elementor-widget-container\">\n\t\t\t\t\t<div\t\tclass=\"sc_title sc_title_default\" ><h2 class=\"sc_item_title sc_title_title sc_item_title_style_default\"\n\t\t\t><span class=\"sc_item_title_text\">Conexiones m\u00e1s estables.<\/span><\/h2><div class=\"sc_item_descr sc_title_descr\"><p>La fibra \u00f3ptica es la mejor opci\u00f3n para<br \/>\ngarantizar conexiones estables y seguras.<br \/>\nLos servicios de AcrossNT est\u00e1n dise\u00f1ados para proporcionar calidad y estabilidad.<\/p>\n<\/div><\/div>\t\t\t\t<\/div>\n\t\t\t\t<\/div>\n\t\t\t\t<\/div>\n\t\t<div class=\"elementor-element elementor-element-08174cb e-con-full e-flex sc_inner_width_none sc_layouts_column_icons_position_left e-con e-child\" data-id=\"08174cb\" data-element_type=\"container\" data-e-type=\"container\">\n\t\t\t\t<div class=\"elementor-element elementor-element-f535ff7 animation_type_block sc_fly_static elementor-invisible elementor-widget elementor-widget-image\" data-id=\"f535ff7\" data-element_type=\"widget\" data-e-type=\"widget\" data-settings=\"{&quot;_animation&quot;:&quot;ta_under_strips&quot;}\" data-widget_type=\"image.default\">\n\t\t\t\t<div class=\"elementor-widget-container\">\n\t\t\t\t\t\t\t\t\t\t\t\t\t\t\t<img decoding=\"async\" width=\"874\" height=\"920\" src=\"https:\/\/acrossnt.com.ar\/wp-content\/uploads\/2024\/02\/fibra0002.png\" class=\"attachment-large size-large wp-image-1084\" alt=\"\" srcset=\"https:\/\/acrossnt.com.ar\/wp-content\/uploads\/2024\/02\/fibra0002.png 874w, https:\/\/acrossnt.com.ar\/wp-content\/uploads\/2024\/02\/fibra0002-285x300.png 285w, https:\/\/acrossnt.com.ar\/wp-content\/uploads\/2024\/02\/fibra0002-768x808.png 768w, https:\/\/acrossnt.com.ar\/wp-content\/uploads\/2024\/02\/fibra0002-370x389.png 370w, https:\/\/acrossnt.com.ar\/wp-content\/uploads\/2024\/02\/fibra0002-840x884.png 840w, https:\/\/acrossnt.com.ar\/wp-content\/uploads\/2024\/02\/fibra0002-410x432.png 410w\" sizes=\"(max-width: 874px) 100vw, 874px\" \/>\t\t\t\t\t\t\t\t\t\t\t\t\t\t\t<\/div>\n\t\t\t\t<\/div>\n\t\t\t\t<\/div>\n\t\t\t\t\t<\/div>\n\t\t\t\t<\/div>\n\t\t<div class=\"elementor-element elementor-element-5fcd998 e-flex e-con-boxed sc_inner_width_none sc_layouts_column_icons_position_left e-con e-parent\" data-id=\"5fcd998\" data-element_type=\"container\" data-e-type=\"container\">\n\t\t\t\t\t<div class=\"e-con-inner\">\n\t\t<div class=\"elementor-element elementor-element-83d92aa e-con-full e-flex sc_inner_width_none sc_layouts_column_icons_position_left e-con e-child\" data-id=\"83d92aa\" data-element_type=\"container\" data-e-type=\"container\">\n\t\t\t\t<div class=\"elementor-element elementor-element-63da21c animation_type_block sc_fly_static elementor-invisible elementor-widget elementor-widget-image\" data-id=\"63da21c\" data-element_type=\"widget\" data-e-type=\"widget\" data-settings=\"{&quot;_animation&quot;:&quot;ta_under_strips&quot;}\" data-widget_type=\"image.default\">\n\t\t\t\t<div class=\"elementor-widget-container\">\n\t\t\t\t\t\t\t\t\t\t\t\t\t\t\t<img decoding=\"async\" width=\"966\" height=\"908\" src=\"https:\/\/acrossnt.com.ar\/wp-content\/uploads\/2024\/02\/fibra0003.png\" class=\"attachment-large size-large wp-image-1085\" alt=\"\" srcset=\"https:\/\/acrossnt.com.ar\/wp-content\/uploads\/2024\/02\/fibra0003.png 966w, https:\/\/acrossnt.com.ar\/wp-content\/uploads\/2024\/02\/fibra0003-300x282.png 300w, https:\/\/acrossnt.com.ar\/wp-content\/uploads\/2024\/02\/fibra0003-768x722.png 768w, https:\/\/acrossnt.com.ar\/wp-content\/uploads\/2024\/02\/fibra0003-370x348.png 370w, https:\/\/acrossnt.com.ar\/wp-content\/uploads\/2024\/02\/fibra0003-840x790.png 840w, https:\/\/acrossnt.com.ar\/wp-content\/uploads\/2024\/02\/fibra0003-410x385.png 410w\" sizes=\"(max-width: 966px) 100vw, 966px\" \/>\t\t\t\t\t\t\t\t\t\t\t\t\t\t\t<\/div>\n\t\t\t\t<\/div>\n\t\t\t\t<\/div>\n\t\t<div class=\"elementor-element elementor-element-9430a01 e-con-full e-flex sc_inner_width_none sc_layouts_column_icons_position_left e-con e-child\" data-id=\"9430a01\" data-element_type=\"container\" data-e-type=\"container\">\n\t\t\t\t<div class=\"elementor-element elementor-element-0f5905d elementor-widget__width-initial animation_type_block sc_fly_static elementor-invisible elementor-widget elementor-widget-trx_sc_title\" data-id=\"0f5905d\" data-element_type=\"widget\" data-e-type=\"widget\" data-settings=\"{&quot;_animation&quot;:&quot;ta_under_strips&quot;}\" data-widget_type=\"trx_sc_title.default\">\n\t\t\t\t<div class=\"elementor-widget-container\">\n\t\t\t\t\t<div\t\tclass=\"sc_title sc_title_default\" ><h2 class=\"sc_item_title sc_title_title sc_item_title_style_default\"\n\t\t\t><span class=\"sc_item_title_text\">Resultados a largo plazo.<\/span><\/h2><div class=\"sc_item_descr sc_title_descr\"><p>Los tendidos de fibra \u00f3ptica realizados por AcrossNT son duraderos y garantiza resultados a largo plazo, lo que es una inversi\u00f3n inteligente para las empresas que quieran actualizar su red.<\/p>\n<\/div><\/div>\t\t\t\t<\/div>\n\t\t\t\t<\/div>\n\t\t\t\t<\/div>\n\t\t\t\t\t<\/div>\n\t\t\t\t<\/div>\n\t\t\t\t<\/div>\n\t\t","protected":false},"excerpt":{"rendered":"<p>Conexi\u00f3n de calidad superior. Nuestros servicios de tendido de fibra \u00f3ptica aseguran una conexi\u00f3n de calidad superior y confiable para empresas de telecomunicaciones. Conexiones m\u00e1s estables. La fibra \u00f3ptica es&hellip;<\/p>\n","protected":false},"author":1,"featured_media":0,"parent":24,"menu_order":0,"comment_status":"closed","ping_status":"closed","template":"","meta":{"rs_blank_template":"","rs_page_bg_color":"","slide_template_v7":"","_joinchat":[],"footnotes":""},"class_list":["post-833","page","type-page","status-publish","hentry"],"_links":{"self":[{"href":"https:\/\/acrossnt.com.ar\/index.php\/wp-json\/wp\/v2\/pages\/833","targetHints":{"allow":["GET"]}}],"collection":[{"href":"https:\/\/acrossnt.com.ar\/index.php\/wp-json\/wp\/v2\/pages"}],"about":[{"href":"https:\/\/acrossnt.com.ar\/index.php\/wp-json\/wp\/v2\/types\/page"}],"author":[{"embeddable":true,"href":"https:\/\/acrossnt.com.ar\/index.php\/wp-json\/wp\/v2\/users\/1"}],"replies":[{"embeddable":true,"href":"https:\/\/acrossnt.com.ar\/index.php\/wp-json\/wp\/v2\/comments?post=833"}],"version-history":[{"count":7,"href":"https:\/\/acrossnt.com.ar\/index.php\/wp-json\/wp\/v2\/pages\/833\/revisions"}],"predecessor-version":[{"id":1091,"href":"https:\/\/acrossnt.com.ar\/index.php\/wp-json\/wp\/v2\/pages\/833\/revisions\/1091"}],"up":[{"embeddable":true,"href":"https:\/\/acrossnt.com.ar\/index.php\/wp-json\/wp\/v2\/pages\/24"}],"wp:attachment":[{"href":"https:\/\/acrossnt.com.ar\/index.php\/wp-json\/wp\/v2\/media?parent=833"}],"curies":[{"name":"wp","href":"https:\/\/api.w.org\/{rel}","templated":true}]}}