{"id":837,"date":"2024-02-29T14:45:26","date_gmt":"2024-02-29T17:45:26","guid":{"rendered":"https:\/\/acrossnt.com.ar\/?page_id=837"},"modified":"2024-03-13T19:38:58","modified_gmt":"2024-03-13T22:38:58","slug":"seguridad-perimetral","status":"publish","type":"page","link":"https:\/\/acrossnt.com.ar\/index.php\/soluciones\/seguridad-perimetral\/","title":{"rendered":"Seguridad perimetral"},"content":{"rendered":"\t\t<div data-elementor-type=\"wp-page\" data-elementor-id=\"837\" class=\"elementor elementor-837\" data-elementor-post-type=\"page\">\n\t\t\t\t<div class=\"elementor-element elementor-element-a94db1b e-flex e-con-boxed sc_inner_width_none sc_layouts_column_icons_position_left e-con e-parent\" data-id=\"a94db1b\" data-element_type=\"container\" data-e-type=\"container\">\n\t\t\t\t\t<div class=\"e-con-inner\">\n\t\t<div class=\"elementor-element elementor-element-dae3af3 e-con-full e-flex sc_inner_width_none sc_layouts_column_icons_position_left e-con e-child\" data-id=\"dae3af3\" data-element_type=\"container\" data-e-type=\"container\">\n\t\t\t\t<div class=\"elementor-element elementor-element-6939e6a animation_type_block sc_fly_static elementor-invisible elementor-widget elementor-widget-image\" data-id=\"6939e6a\" data-element_type=\"widget\" data-e-type=\"widget\" data-settings=\"{&quot;_animation&quot;:&quot;ta_under_strips&quot;}\" data-widget_type=\"image.default\">\n\t\t\t\t<div class=\"elementor-widget-container\">\n\t\t\t\t\t\t\t\t\t\t\t\t\t\t\t<img fetchpriority=\"high\" decoding=\"async\" width=\"1024\" height=\"982\" src=\"https:\/\/acrossnt.com.ar\/wp-content\/uploads\/2024\/02\/CCTV0001-1024x982.jpg\" class=\"attachment-large size-large wp-image-877\" alt=\"\" srcset=\"https:\/\/acrossnt.com.ar\/wp-content\/uploads\/2024\/02\/CCTV0001-1024x982.jpg 1024w, https:\/\/acrossnt.com.ar\/wp-content\/uploads\/2024\/02\/CCTV0001-300x288.jpg 300w, https:\/\/acrossnt.com.ar\/wp-content\/uploads\/2024\/02\/CCTV0001-768x737.jpg 768w, https:\/\/acrossnt.com.ar\/wp-content\/uploads\/2024\/02\/CCTV0001-370x355.jpg 370w, https:\/\/acrossnt.com.ar\/wp-content\/uploads\/2024\/02\/CCTV0001-840x806.jpg 840w, https:\/\/acrossnt.com.ar\/wp-content\/uploads\/2024\/02\/CCTV0001-410x393.jpg 410w, https:\/\/acrossnt.com.ar\/wp-content\/uploads\/2024\/02\/CCTV0001.jpg 1036w\" sizes=\"(max-width: 1024px) 100vw, 1024px\" \/>\t\t\t\t\t\t\t\t\t\t\t\t\t\t\t<\/div>\n\t\t\t\t<\/div>\n\t\t\t\t<\/div>\n\t\t<div class=\"elementor-element elementor-element-9ad2193 e-con-full e-flex sc_inner_width_none sc_layouts_column_icons_position_left e-con e-child\" data-id=\"9ad2193\" data-element_type=\"container\" data-e-type=\"container\">\n\t\t\t\t<div class=\"elementor-element elementor-element-10334e3 animation_type_block sc_fly_static elementor-invisible elementor-widget elementor-widget-trx_sc_title\" data-id=\"10334e3\" data-element_type=\"widget\" data-e-type=\"widget\" data-settings=\"{&quot;_animation&quot;:&quot;ta_under_strips&quot;}\" data-widget_type=\"trx_sc_title.default\">\n\t\t\t\t<div class=\"elementor-widget-container\">\n\t\t\t\t\t<div\t\tclass=\"sc_title sc_title_default\" ><h2 class=\"sc_item_title sc_title_title sc_item_title_style_default\"\n\t\t\t><span class=\"sc_item_title_text\">Disuasi\u00f3n de intrusos.<\/span><\/h2><div class=\"sc_item_descr sc_title_descr\"><p>Nuestros cercos perimetrales y c\u00e1maras de alta calidad disuadir\u00e1n a los intrusos de intentar ingresar a su propiedad.<br \/>\nMant\u00e9ngase seguro y proteja su inversi\u00f3n.<\/p>\n<\/div><\/div>\t\t\t\t<\/div>\n\t\t\t\t<\/div>\n\t\t\t\t<\/div>\n\t\t\t\t\t<\/div>\n\t\t\t\t<\/div>\n\t\t<div class=\"elementor-element elementor-element-e79691b e-flex e-con-boxed sc_inner_width_none sc_layouts_column_icons_position_left animation_type_block elementor-invisible e-con e-parent\" data-id=\"e79691b\" data-element_type=\"container\" data-e-type=\"container\" data-settings=\"{&quot;animation&quot;:&quot;medeus-fadeinup&quot;}\">\n\t\t\t\t\t<div class=\"e-con-inner\">\n\t\t\t\t<div class=\"elementor-element elementor-element-a012045 sc_fly_static elementor-widget elementor-widget-premium-addon-banner\" data-id=\"a012045\" data-element_type=\"widget\" data-e-type=\"widget\" data-widget_type=\"premium-addon-banner.default\">\n\t\t\t\t<div class=\"elementor-widget-container\">\n\t\t\t\t\t\t\t<div class=\"premium-banner-ib premium-banner-min-height premium-banner-animation1 zoomin premium-banner__effect-type2\">\n\t\t\t\t\t\t\t\t\t\t<img decoding=\"async\" width=\"1191\" height=\"397\" src=\"https:\/\/acrossnt.com.ar\/wp-content\/uploads\/2024\/03\/logoAcrossNT.webp\" class=\"attachment-full size-full wp-image-1164\" alt=\"\" srcset=\"https:\/\/acrossnt.com.ar\/wp-content\/uploads\/2024\/03\/logoAcrossNT.webp 1191w, https:\/\/acrossnt.com.ar\/wp-content\/uploads\/2024\/03\/logoAcrossNT-300x100.webp 300w, https:\/\/acrossnt.com.ar\/wp-content\/uploads\/2024\/03\/logoAcrossNT-1024x341.webp 1024w, https:\/\/acrossnt.com.ar\/wp-content\/uploads\/2024\/03\/logoAcrossNT-768x256.webp 768w, https:\/\/acrossnt.com.ar\/wp-content\/uploads\/2024\/03\/logoAcrossNT-370x123.webp 370w, https:\/\/acrossnt.com.ar\/wp-content\/uploads\/2024\/03\/logoAcrossNT-840x280.webp 840w, https:\/\/acrossnt.com.ar\/wp-content\/uploads\/2024\/03\/logoAcrossNT-410x137.webp 410w\" sizes=\"(max-width: 1191px) 100vw, 1191px\" \/>\t\t\t\t\t\t\t\t\t<div class=\"premium-banner-ib-desc\">\n\t\t\t\t\n\t\t\t\t\t\t\t\t\t<h2 class=\"premium-banner-ib-title premium_banner_title\">\n\t\t\t\t\t\tSolicite su cotizaci\u00f3n\t\t\t\t\t<\/h2>\n\t\t\t\t\n\t\t\t\t\t\t\t\t\t<div class=\"premium-banner-ib-content premium_banner_content\">\n\t\t\t\t\t\t<p>Envienos su duda o consulta que a la brevedad un representante se comunicar\u00e1 para realizar una correcta evaluaci\u00f3n del caso.<\/p>\t\t\t\t\t<\/div>\n\t\t\t\t\n\t\t\t\t\n\t\t\t\t\t\t\t<\/div>\n\t\t\t\t\t\t\t<a href=\"https:\/\/acrossnt.com.ar\/index.php\/contacto\/\" class=\"premium-banner-ib-link\"><\/a>\n\t\t\t\t\t<\/div>\n\n\t\t\t\t\t\t<\/div>\n\t\t\t\t<\/div>\n\t\t\t\t\t<\/div>\n\t\t\t\t<\/div>\n\t\t\t\t<\/div>\n\t\t","protected":false},"excerpt":{"rendered":"<p>Disuasi\u00f3n de intrusos. Nuestros cercos perimetrales y c\u00e1maras de alta calidad disuadir\u00e1n a los intrusos de intentar ingresar a su propiedad. Mant\u00e9ngase seguro y proteja su inversi\u00f3n. Solicite su cotizaci\u00f3n&hellip;<\/p>\n","protected":false},"author":1,"featured_media":0,"parent":22,"menu_order":0,"comment_status":"closed","ping_status":"closed","template":"","meta":{"rs_blank_template":"","rs_page_bg_color":"","slide_template_v7":"","_joinchat":[],"footnotes":""},"class_list":["post-837","page","type-page","status-publish","hentry"],"_links":{"self":[{"href":"https:\/\/acrossnt.com.ar\/index.php\/wp-json\/wp\/v2\/pages\/837","targetHints":{"allow":["GET"]}}],"collection":[{"href":"https:\/\/acrossnt.com.ar\/index.php\/wp-json\/wp\/v2\/pages"}],"about":[{"href":"https:\/\/acrossnt.com.ar\/index.php\/wp-json\/wp\/v2\/types\/page"}],"author":[{"embeddable":true,"href":"https:\/\/acrossnt.com.ar\/index.php\/wp-json\/wp\/v2\/users\/1"}],"replies":[{"embeddable":true,"href":"https:\/\/acrossnt.com.ar\/index.php\/wp-json\/wp\/v2\/comments?post=837"}],"version-history":[{"count":10,"href":"https:\/\/acrossnt.com.ar\/index.php\/wp-json\/wp\/v2\/pages\/837\/revisions"}],"predecessor-version":[{"id":1196,"href":"https:\/\/acrossnt.com.ar\/index.php\/wp-json\/wp\/v2\/pages\/837\/revisions\/1196"}],"up":[{"embeddable":true,"href":"https:\/\/acrossnt.com.ar\/index.php\/wp-json\/wp\/v2\/pages\/22"}],"wp:attachment":[{"href":"https:\/\/acrossnt.com.ar\/index.php\/wp-json\/wp\/v2\/media?parent=837"}],"curies":[{"name":"wp","href":"https:\/\/api.w.org\/{rel}","templated":true}]}}