{"id":839,"date":"2024-02-29T14:45:48","date_gmt":"2024-02-29T17:45:48","guid":{"rendered":"https:\/\/acrossnt.com.ar\/?page_id=839"},"modified":"2024-03-05T04:44:22","modified_gmt":"2024-03-05T07:44:22","slug":"control-de-acceso","status":"publish","type":"page","link":"https:\/\/acrossnt.com.ar\/index.php\/servicios\/control-de-acceso\/","title":{"rendered":"Control de acceso"},"content":{"rendered":"\t\t<div data-elementor-type=\"wp-page\" data-elementor-id=\"839\" class=\"elementor elementor-839\" data-elementor-post-type=\"page\">\n\t\t\t\t<div class=\"elementor-element elementor-element-5b8270e e-flex e-con-boxed sc_inner_width_none sc_layouts_column_icons_position_left e-con e-parent\" data-id=\"5b8270e\" data-element_type=\"container\" data-e-type=\"container\" data-settings=\"{&quot;background_background&quot;:&quot;classic&quot;}\">\n\t\t\t\t\t<div class=\"e-con-inner\">\n\t\t\t\t<div class=\"elementor-element elementor-element-1fa7549 premium-title-stroke-yes animation_type_sequental premium-title-color sc_fly_static elementor-invisible elementor-widget elementor-widget-premium-addon-title\" data-id=\"1fa7549\" data-element_type=\"widget\" data-e-type=\"widget\" data-settings=\"{&quot;_animation&quot;:&quot;medeus-fadeinup&quot;,&quot;_animation_delay&quot;:500}\" data-widget_type=\"premium-addon-title.default\">\n\t\t\t\t<div class=\"elementor-widget-container\">\n\t\t\t\t\t\n\t\t<div class=\"premium-title-wrapper\">\n\t\t\t<div class=\"premium-title-container style1\">\n\t\t\t\t<h2 class=\"premium-title-header premium-title-style1\">\n\t\t\t\t\t\n\t\t\t\t\t\n\t\t\t\t\t\t\t\t\t\t\t\t\t\t\t<span class=\"premium-title-text\">\n\t\t\t\t\t\tSoluciones de control de acceso para garantizar la seguridad\t\t\t\t\t<\/span>\n\t\t\t\t\t\t\n\t\t\t\t\t\t\t\t\t\t\n\t\t\t\t\t\t\t\t\t<\/h2>\n\n\t\t\t<\/div>\n\n\t\t\t\t\t<\/div>\n\n\t\t\t\t\t\t<\/div>\n\t\t\t\t<\/div>\n\t\t\t\t\t<\/div>\n\t\t\t\t<\/div>\n\t\t<div class=\"elementor-element elementor-element-141d724 e-flex e-con-boxed sc_inner_width_none sc_layouts_column_icons_position_left e-con e-parent\" data-id=\"141d724\" data-element_type=\"container\" data-e-type=\"container\" data-settings=\"{&quot;background_background&quot;:&quot;classic&quot;}\">\n\t\t\t\t\t<div class=\"e-con-inner\">\n\t\t<div class=\"elementor-element elementor-element-0a33da8 e-con-full e-flex sc_inner_width_none sc_layouts_column_icons_position_left e-con e-child\" data-id=\"0a33da8\" data-element_type=\"container\" data-e-type=\"container\">\n\t\t\t\t<div class=\"elementor-element elementor-element-186d806 animation_type_block sc_fly_static elementor-invisible elementor-widget elementor-widget-image\" data-id=\"186d806\" data-element_type=\"widget\" data-e-type=\"widget\" data-settings=\"{&quot;_animation&quot;:&quot;ta_under_strips&quot;}\" data-widget_type=\"image.default\">\n\t\t\t\t<div class=\"elementor-widget-container\">\n\t\t\t\t\t\t\t\t\t\t\t\t\t\t\t<img fetchpriority=\"high\" decoding=\"async\" width=\"1024\" height=\"679\" src=\"https:\/\/acrossnt.com.ar\/wp-content\/uploads\/2024\/03\/Captura-de-pantalla-2024-03-05-a-las-04.05.28-1024x679.png\" class=\"attachment-large size-large wp-image-1141\" alt=\"\" srcset=\"https:\/\/acrossnt.com.ar\/wp-content\/uploads\/2024\/03\/Captura-de-pantalla-2024-03-05-a-las-04.05.28-1024x679.png 1024w, https:\/\/acrossnt.com.ar\/wp-content\/uploads\/2024\/03\/Captura-de-pantalla-2024-03-05-a-las-04.05.28-300x199.png 300w, https:\/\/acrossnt.com.ar\/wp-content\/uploads\/2024\/03\/Captura-de-pantalla-2024-03-05-a-las-04.05.28-768x509.png 768w, https:\/\/acrossnt.com.ar\/wp-content\/uploads\/2024\/03\/Captura-de-pantalla-2024-03-05-a-las-04.05.28-370x245.png 370w, https:\/\/acrossnt.com.ar\/wp-content\/uploads\/2024\/03\/Captura-de-pantalla-2024-03-05-a-las-04.05.28-840x557.png 840w, https:\/\/acrossnt.com.ar\/wp-content\/uploads\/2024\/03\/Captura-de-pantalla-2024-03-05-a-las-04.05.28-410x272.png 410w, https:\/\/acrossnt.com.ar\/wp-content\/uploads\/2024\/03\/Captura-de-pantalla-2024-03-05-a-las-04.05.28.png 1116w\" sizes=\"(max-width: 1024px) 100vw, 1024px\" \/>\t\t\t\t\t\t\t\t\t\t\t\t\t\t\t<\/div>\n\t\t\t\t<\/div>\n\t\t\t\t<\/div>\n\t\t<div class=\"elementor-element elementor-element-4c8af80 e-con-full e-flex sc_inner_width_none sc_layouts_column_icons_position_left e-con e-child\" data-id=\"4c8af80\" data-element_type=\"container\" data-e-type=\"container\">\n\t\t\t\t<div class=\"elementor-element elementor-element-684040c animation_type_block sc_fly_static elementor-invisible elementor-widget elementor-widget-trx_sc_title\" data-id=\"684040c\" data-element_type=\"widget\" data-e-type=\"widget\" data-settings=\"{&quot;_animation&quot;:&quot;ta_under_strips&quot;}\" data-widget_type=\"trx_sc_title.default\">\n\t\t\t\t<div class=\"elementor-widget-container\">\n\t\t\t\t\t<div\t\tclass=\"sc_title sc_title_default\" ><h2 class=\"sc_item_title sc_title_title sc_item_title_style_default\"\n\t\t\t><span class=\"sc_item_title_text\">Controla el acceso a tu espacio<\/span><\/h2><div class=\"sc_item_descr sc_title_descr\"><p>Con nuestras soluciones de control de acceso, puedes tener el control total sobre qui\u00e9n tiene acceso a tu espacio. Protege tus instalaciones y garantiza la seguridad de tus bienes y personal.<\/p>\n<\/div><\/div>\t\t\t\t<\/div>\n\t\t\t\t<\/div>\n\t\t\t\t<\/div>\n\t\t\t\t\t<\/div>\n\t\t\t\t<\/div>\n\t\t<div class=\"elementor-element elementor-element-3e35946 e-flex e-con-boxed sc_inner_width_none sc_layouts_column_icons_position_left e-con e-parent\" data-id=\"3e35946\" data-element_type=\"container\" data-e-type=\"container\" data-settings=\"{&quot;background_background&quot;:&quot;classic&quot;}\">\n\t\t\t\t\t<div class=\"e-con-inner\">\n\t\t<div class=\"elementor-element elementor-element-dcaf26e e-con-full e-flex sc_inner_width_none sc_layouts_column_icons_position_left e-con e-child\" data-id=\"dcaf26e\" data-element_type=\"container\" data-e-type=\"container\">\n\t\t\t\t<div class=\"elementor-element elementor-element-ec44336 animation_type_block sc_fly_static elementor-invisible elementor-widget elementor-widget-trx_sc_title\" data-id=\"ec44336\" data-element_type=\"widget\" data-e-type=\"widget\" data-settings=\"{&quot;_animation&quot;:&quot;ta_under_strips&quot;}\" data-widget_type=\"trx_sc_title.default\">\n\t\t\t\t<div class=\"elementor-widget-container\">\n\t\t\t\t\t<div\t\tclass=\"sc_title sc_title_default\" ><h2 class=\"sc_item_title sc_title_title sc_item_title_style_default\"\n\t\t\t><span class=\"sc_item_title_text\">Registra la entrada y salida de personas<\/span><\/h2><div class=\"sc_item_descr sc_title_descr\"><p>Soluciones de control de acceso te permiten registrar de manera precisa y confiable la entrada y salida de personas en tu espacio. Mant\u00e9n un registro detallado de qui\u00e9n ha ingresado y salido, mejorando la seguridad y facilitando la gesti\u00f3n de visitantes.<\/p>\n<\/div><\/div>\t\t\t\t<\/div>\n\t\t\t\t<\/div>\n\t\t\t\t<\/div>\n\t\t<div class=\"elementor-element elementor-element-80ec488 e-con-full e-flex sc_inner_width_none sc_layouts_column_icons_position_left e-con e-child\" data-id=\"80ec488\" data-element_type=\"container\" data-e-type=\"container\">\n\t\t\t\t<div class=\"elementor-element elementor-element-de46601 animation_type_block sc_fly_static elementor-invisible elementor-widget elementor-widget-image\" data-id=\"de46601\" data-element_type=\"widget\" data-e-type=\"widget\" data-settings=\"{&quot;_animation&quot;:&quot;ta_under_strips&quot;}\" data-widget_type=\"image.default\">\n\t\t\t\t<div class=\"elementor-widget-container\">\n\t\t\t\t\t\t\t\t\t\t\t\t\t\t\t<img decoding=\"async\" width=\"562\" height=\"1024\" src=\"https:\/\/acrossnt.com.ar\/wp-content\/uploads\/2024\/03\/Captura-de-pantalla-2024-03-05-a-las-04.17.39-562x1024.png\" class=\"attachment-large size-large wp-image-1143\" alt=\"\" srcset=\"https:\/\/acrossnt.com.ar\/wp-content\/uploads\/2024\/03\/Captura-de-pantalla-2024-03-05-a-las-04.17.39-562x1024.png 562w, https:\/\/acrossnt.com.ar\/wp-content\/uploads\/2024\/03\/Captura-de-pantalla-2024-03-05-a-las-04.17.39-165x300.png 165w, https:\/\/acrossnt.com.ar\/wp-content\/uploads\/2024\/03\/Captura-de-pantalla-2024-03-05-a-las-04.17.39-370x674.png 370w, https:\/\/acrossnt.com.ar\/wp-content\/uploads\/2024\/03\/Captura-de-pantalla-2024-03-05-a-las-04.17.39-410x746.png 410w, https:\/\/acrossnt.com.ar\/wp-content\/uploads\/2024\/03\/Captura-de-pantalla-2024-03-05-a-las-04.17.39.png 602w\" sizes=\"(max-width: 600px) 100vw, 562px\" \/>\t\t\t\t\t\t\t\t\t\t\t\t\t\t\t<\/div>\n\t\t\t\t<\/div>\n\t\t\t\t<\/div>\n\t\t\t\t\t<\/div>\n\t\t\t\t<\/div>\n\t\t<div class=\"elementor-element elementor-element-e16d2aa e-flex e-con-boxed sc_inner_width_none sc_layouts_column_icons_position_left e-con e-parent\" data-id=\"e16d2aa\" data-element_type=\"container\" data-e-type=\"container\" data-settings=\"{&quot;background_background&quot;:&quot;classic&quot;}\">\n\t\t\t\t\t<div class=\"e-con-inner\">\n\t\t<div class=\"elementor-element elementor-element-4a0fd55 e-con-full e-flex sc_inner_width_none sc_layouts_column_icons_position_left e-con e-child\" data-id=\"4a0fd55\" data-element_type=\"container\" data-e-type=\"container\">\n\t\t\t\t<div class=\"elementor-element elementor-element-9a469e5 animation_type_block sc_fly_static elementor-invisible elementor-widget elementor-widget-image\" data-id=\"9a469e5\" data-element_type=\"widget\" data-e-type=\"widget\" data-settings=\"{&quot;_animation&quot;:&quot;ta_under_strips&quot;}\" data-widget_type=\"image.default\">\n\t\t\t\t<div class=\"elementor-widget-container\">\n\t\t\t\t\t\t\t\t\t\t\t\t\t\t\t<img decoding=\"async\" width=\"596\" height=\"900\" src=\"https:\/\/acrossnt.com.ar\/wp-content\/uploads\/2024\/03\/Captura-de-pantalla-2024-03-05-a-las-04.26.34.png\" class=\"attachment-large size-large wp-image-1144\" alt=\"\" srcset=\"https:\/\/acrossnt.com.ar\/wp-content\/uploads\/2024\/03\/Captura-de-pantalla-2024-03-05-a-las-04.26.34.png 596w, https:\/\/acrossnt.com.ar\/wp-content\/uploads\/2024\/03\/Captura-de-pantalla-2024-03-05-a-las-04.26.34-199x300.png 199w, https:\/\/acrossnt.com.ar\/wp-content\/uploads\/2024\/03\/Captura-de-pantalla-2024-03-05-a-las-04.26.34-370x559.png 370w, https:\/\/acrossnt.com.ar\/wp-content\/uploads\/2024\/03\/Captura-de-pantalla-2024-03-05-a-las-04.26.34-410x619.png 410w\" sizes=\"(max-width: 600px) 100vw, 596px\" \/>\t\t\t\t\t\t\t\t\t\t\t\t\t\t\t<\/div>\n\t\t\t\t<\/div>\n\t\t\t\t<\/div>\n\t\t<div class=\"elementor-element elementor-element-780309a e-con-full e-flex sc_inner_width_none sc_layouts_column_icons_position_left e-con e-child\" data-id=\"780309a\" data-element_type=\"container\" data-e-type=\"container\">\n\t\t\t\t<div class=\"elementor-element elementor-element-8c5a33d animation_type_block sc_fly_static elementor-invisible elementor-widget elementor-widget-trx_sc_title\" data-id=\"8c5a33d\" data-element_type=\"widget\" data-e-type=\"widget\" data-settings=\"{&quot;_animation&quot;:&quot;ta_under_strips&quot;}\" data-widget_type=\"trx_sc_title.default\">\n\t\t\t\t<div class=\"elementor-widget-container\">\n\t\t\t\t\t<div\t\tclass=\"sc_title sc_title_default\" ><h2 class=\"sc_item_title sc_title_title sc_item_title_style_default\"\n\t\t\t><span class=\"sc_item_title_text\">Integraci\u00f3n con sistemas de seguridad<\/span><\/h2><div class=\"sc_item_descr sc_title_descr\"><p>Nuestras soluciones de control de acceso se integran perfectamente con otros sistemas de seguridad, como c\u00e1maras de vigilancia y alarmas. Esto te permite tener un sistema completo y eficiente para proteger tu espacio.<\/p>\n<\/div><\/div>\t\t\t\t<\/div>\n\t\t\t\t<\/div>\n\t\t\t\t<\/div>\n\t\t\t\t\t<\/div>\n\t\t\t\t<\/div>\n\t\t\t\t<\/div>\n\t\t","protected":false},"excerpt":{"rendered":"<p>Soluciones de control de acceso para garantizar la seguridad Controla el acceso a tu espacio Con nuestras soluciones de control de acceso, puedes tener el control total sobre qui\u00e9n tiene&hellip;<\/p>\n","protected":false},"author":1,"featured_media":0,"parent":24,"menu_order":0,"comment_status":"closed","ping_status":"closed","template":"","meta":{"rs_blank_template":"","rs_page_bg_color":"","slide_template_v7":"","_joinchat":[],"footnotes":""},"class_list":["post-839","page","type-page","status-publish","hentry"],"_links":{"self":[{"href":"https:\/\/acrossnt.com.ar\/index.php\/wp-json\/wp\/v2\/pages\/839","targetHints":{"allow":["GET"]}}],"collection":[{"href":"https:\/\/acrossnt.com.ar\/index.php\/wp-json\/wp\/v2\/pages"}],"about":[{"href":"https:\/\/acrossnt.com.ar\/index.php\/wp-json\/wp\/v2\/types\/page"}],"author":[{"embeddable":true,"href":"https:\/\/acrossnt.com.ar\/index.php\/wp-json\/wp\/v2\/users\/1"}],"replies":[{"embeddable":true,"href":"https:\/\/acrossnt.com.ar\/index.php\/wp-json\/wp\/v2\/comments?post=839"}],"version-history":[{"count":7,"href":"https:\/\/acrossnt.com.ar\/index.php\/wp-json\/wp\/v2\/pages\/839\/revisions"}],"predecessor-version":[{"id":1151,"href":"https:\/\/acrossnt.com.ar\/index.php\/wp-json\/wp\/v2\/pages\/839\/revisions\/1151"}],"up":[{"embeddable":true,"href":"https:\/\/acrossnt.com.ar\/index.php\/wp-json\/wp\/v2\/pages\/24"}],"wp:attachment":[{"href":"https:\/\/acrossnt.com.ar\/index.php\/wp-json\/wp\/v2\/media?parent=839"}],"curies":[{"name":"wp","href":"https:\/\/api.w.org\/{rel}","templated":true}]}}