{"id":841,"date":"2024-02-29T14:46:12","date_gmt":"2024-02-29T17:46:12","guid":{"rendered":"https:\/\/acrossnt.com.ar\/?page_id=841"},"modified":"2024-03-05T03:58:25","modified_gmt":"2024-03-05T06:58:25","slug":"ejecucion-y-mantenimiento-de-instalaciones-electricas-y-electronicas-n-c-p","status":"publish","type":"page","link":"https:\/\/acrossnt.com.ar\/index.php\/servicios\/ejecucion-y-mantenimiento-de-instalaciones-electricas-y-electronicas-n-c-p\/","title":{"rendered":"Ejecuci\u00f3n y mantenimiento de instalaciones el\u00e9ctricas y electr\u00f3nicas n.c.p."},"content":{"rendered":"\t\t<div data-elementor-type=\"wp-page\" data-elementor-id=\"841\" class=\"elementor elementor-841\" data-elementor-post-type=\"page\">\n\t\t\t\t<div class=\"elementor-element elementor-element-5ed0a43 e-flex e-con-boxed sc_inner_width_none sc_layouts_column_icons_position_left e-con e-parent\" data-id=\"5ed0a43\" data-element_type=\"container\" data-e-type=\"container\" data-settings=\"{&quot;background_background&quot;:&quot;classic&quot;}\">\n\t\t\t\t\t<div class=\"e-con-inner\">\n\t\t\t\t<div class=\"elementor-element elementor-element-a3b13d3 premium-title-stroke-yes animation_type_sequental premium-title-color sc_fly_static elementor-invisible elementor-widget elementor-widget-premium-addon-title\" data-id=\"a3b13d3\" data-element_type=\"widget\" data-e-type=\"widget\" data-settings=\"{&quot;_animation&quot;:&quot;medeus-fadeinup&quot;,&quot;_animation_delay&quot;:500}\" data-widget_type=\"premium-addon-title.default\">\n\t\t\t\t<div class=\"elementor-widget-container\">\n\t\t\t\t\t\n\t\t<div class=\"premium-title-wrapper\">\n\t\t\t<div class=\"premium-title-container style1\">\n\t\t\t\t<h2 class=\"premium-title-header premium-title-style1\">\n\t\t\t\t\t\n\t\t\t\t\t\n\t\t\t\t\t\t\t\t\t\t\t\t\t\t\t<span class=\"premium-title-text\">\n\t\t\t\t\t\tServicio personalizado y de calidad\t\t\t\t\t<\/span>\n\t\t\t\t\t\t\n\t\t\t\t\t\t\t\t\t\t\n\t\t\t\t\t\t\t\t\t<\/h2>\n\n\t\t\t<\/div>\n\n\t\t\t\t\t<\/div>\n\n\t\t\t\t\t\t<\/div>\n\t\t\t\t<\/div>\n\t\t\t\t<div class=\"elementor-element elementor-element-2e91d44 animation_type_block sc_fly_static elementor-invisible elementor-widget elementor-widget-text-editor\" data-id=\"2e91d44\" data-element_type=\"widget\" data-e-type=\"widget\" data-settings=\"{&quot;_animation&quot;:&quot;medeus-fadeinup&quot;,&quot;_animation_delay&quot;:70}\" data-widget_type=\"text-editor.default\">\n\t\t\t\t<div class=\"elementor-widget-container\">\n\t\t\t\t\t\t\t\t\t<p>En AcrossNT nos enfocamos en brindar un servicio personalizado y de calidad. Nos adaptamos a tus necesidades y te ofrecemos soluciones a medida para asegurar el correcto funcionamiento de tus instalaciones.<\/p>\t\t\t\t\t\t\t\t<\/div>\n\t\t\t\t<\/div>\n\t\t\t\t\t<\/div>\n\t\t\t\t<\/div>\n\t\t<div class=\"elementor-element elementor-element-06ae055 e-flex e-con-boxed sc_inner_width_none sc_layouts_column_icons_position_left e-con e-parent\" data-id=\"06ae055\" data-element_type=\"container\" data-e-type=\"container\" data-settings=\"{&quot;background_background&quot;:&quot;classic&quot;}\">\n\t\t\t\t\t<div class=\"e-con-inner\">\n\t\t<div class=\"elementor-element elementor-element-8605d43 e-con-full e-flex sc_inner_width_none sc_layouts_column_icons_position_left e-con e-child\" data-id=\"8605d43\" data-element_type=\"container\" data-e-type=\"container\">\n\t\t\t\t<div class=\"elementor-element elementor-element-2412e7e animation_type_block sc_fly_static elementor-invisible elementor-widget elementor-widget-image\" data-id=\"2412e7e\" data-element_type=\"widget\" data-e-type=\"widget\" data-settings=\"{&quot;_animation&quot;:&quot;ta_under_strips&quot;}\" data-widget_type=\"image.default\">\n\t\t\t\t<div class=\"elementor-widget-container\">\n\t\t\t\t\t\t\t\t\t\t\t\t\t\t\t<img fetchpriority=\"high\" decoding=\"async\" width=\"1024\" height=\"683\" src=\"https:\/\/acrossnt.com.ar\/wp-content\/uploads\/2024\/03\/Captura-de-pantalla-2024-03-05-a-las-03.15.52-1024x683.png\" class=\"attachment-large size-large wp-image-1132\" alt=\"\" srcset=\"https:\/\/acrossnt.com.ar\/wp-content\/uploads\/2024\/03\/Captura-de-pantalla-2024-03-05-a-las-03.15.52-1024x683.png 1024w, https:\/\/acrossnt.com.ar\/wp-content\/uploads\/2024\/03\/Captura-de-pantalla-2024-03-05-a-las-03.15.52-300x200.png 300w, https:\/\/acrossnt.com.ar\/wp-content\/uploads\/2024\/03\/Captura-de-pantalla-2024-03-05-a-las-03.15.52-768x512.png 768w, https:\/\/acrossnt.com.ar\/wp-content\/uploads\/2024\/03\/Captura-de-pantalla-2024-03-05-a-las-03.15.52-370x247.png 370w, https:\/\/acrossnt.com.ar\/wp-content\/uploads\/2024\/03\/Captura-de-pantalla-2024-03-05-a-las-03.15.52-840x560.png 840w, https:\/\/acrossnt.com.ar\/wp-content\/uploads\/2024\/03\/Captura-de-pantalla-2024-03-05-a-las-03.15.52-410x274.png 410w, https:\/\/acrossnt.com.ar\/wp-content\/uploads\/2024\/03\/Captura-de-pantalla-2024-03-05-a-las-03.15.52.png 1124w\" sizes=\"(max-width: 1024px) 100vw, 1024px\" \/>\t\t\t\t\t\t\t\t\t\t\t\t\t\t\t<\/div>\n\t\t\t\t<\/div>\n\t\t\t\t<\/div>\n\t\t<div class=\"elementor-element elementor-element-75b8974 e-con-full e-flex sc_inner_width_none sc_layouts_column_icons_position_left e-con e-child\" data-id=\"75b8974\" data-element_type=\"container\" data-e-type=\"container\">\n\t\t\t\t<div class=\"elementor-element elementor-element-44f4353 animation_type_block sc_fly_static elementor-invisible elementor-widget elementor-widget-trx_sc_title\" data-id=\"44f4353\" data-element_type=\"widget\" data-e-type=\"widget\" data-settings=\"{&quot;_animation&quot;:&quot;ta_under_strips&quot;}\" data-widget_type=\"trx_sc_title.default\">\n\t\t\t\t<div class=\"elementor-widget-container\">\n\t\t\t\t\t<div\t\tclass=\"sc_title sc_title_default\" ><h2 class=\"sc_item_title sc_title_title sc_item_title_style_default\"\n\t\t\t><span class=\"sc_item_title_text\">Experiencia y conocimiento especializado<\/span><\/h2><div class=\"sc_item_descr sc_title_descr\"><p>Nuestro equipo de expertos en instalaciones el\u00e9ctricas cuenta con experiencia y conocimiento especializado para garantizar la ejecuci\u00f3n y mantenimiento de tus proyectos de manera eficiente y segura.<\/p>\n<\/div><\/div>\t\t\t\t<\/div>\n\t\t\t\t<\/div>\n\t\t\t\t<\/div>\n\t\t\t\t\t<\/div>\n\t\t\t\t<\/div>\n\t\t<div class=\"elementor-element elementor-element-aeb17b6 e-flex e-con-boxed sc_inner_width_none sc_layouts_column_icons_position_left e-con e-parent\" data-id=\"aeb17b6\" data-element_type=\"container\" data-e-type=\"container\" data-settings=\"{&quot;background_background&quot;:&quot;classic&quot;}\">\n\t\t\t\t\t<div class=\"e-con-inner\">\n\t\t<div class=\"elementor-element elementor-element-9e4c340 e-con-full e-flex sc_inner_width_none sc_layouts_column_icons_position_left e-con e-child\" data-id=\"9e4c340\" data-element_type=\"container\" data-e-type=\"container\">\n\t\t\t\t<div class=\"elementor-element elementor-element-88c30f2 animation_type_block sc_fly_static elementor-invisible elementor-widget elementor-widget-trx_sc_title\" data-id=\"88c30f2\" data-element_type=\"widget\" data-e-type=\"widget\" data-settings=\"{&quot;_animation&quot;:&quot;ta_under_strips&quot;}\" data-widget_type=\"trx_sc_title.default\">\n\t\t\t\t<div class=\"elementor-widget-container\">\n\t\t\t\t\t<div\t\tclass=\"sc_title sc_title_default\" ><h2 class=\"sc_item_title sc_title_title sc_item_title_style_default\"\n\t\t\t><span class=\"sc_item_title_text\">Ahorro de tiempo y dinero\n<\/span><\/h2><div class=\"sc_item_descr sc_title_descr\"><p>Al confiar en AcrossNT para la ejecuci\u00f3n y mantenimiento de tus instalaciones el\u00e9ctricas y electr\u00f3nicas, podr\u00e1s ahorrar tiempo y dinero. Nuestro equipo se encargar\u00e1 de realizar las tareas necesarias de manera eficiente y efectiva.<\/p>\n<\/div><\/div>\t\t\t\t<\/div>\n\t\t\t\t<\/div>\n\t\t\t\t<\/div>\n\t\t<div class=\"elementor-element elementor-element-5a38083 e-con-full e-flex sc_inner_width_none sc_layouts_column_icons_position_left e-con e-child\" data-id=\"5a38083\" data-element_type=\"container\" data-e-type=\"container\">\n\t\t\t\t<div class=\"elementor-element elementor-element-3ab0a03 animation_type_block sc_fly_static elementor-invisible elementor-widget elementor-widget-image\" data-id=\"3ab0a03\" data-element_type=\"widget\" data-e-type=\"widget\" data-settings=\"{&quot;_animation&quot;:&quot;ta_under_strips&quot;}\" data-widget_type=\"image.default\">\n\t\t\t\t<div class=\"elementor-widget-container\">\n\t\t\t\t\t\t\t\t\t\t\t\t\t\t\t<img decoding=\"async\" width=\"1024\" height=\"768\" src=\"https:\/\/acrossnt.com.ar\/wp-content\/uploads\/2024\/03\/Captura-de-pantalla-2024-03-05-a-las-03.19.44-1024x768.png\" class=\"attachment-large size-large wp-image-1133\" alt=\"\" srcset=\"https:\/\/acrossnt.com.ar\/wp-content\/uploads\/2024\/03\/Captura-de-pantalla-2024-03-05-a-las-03.19.44-1024x768.png 1024w, https:\/\/acrossnt.com.ar\/wp-content\/uploads\/2024\/03\/Captura-de-pantalla-2024-03-05-a-las-03.19.44-300x225.png 300w, https:\/\/acrossnt.com.ar\/wp-content\/uploads\/2024\/03\/Captura-de-pantalla-2024-03-05-a-las-03.19.44-768x576.png 768w, https:\/\/acrossnt.com.ar\/wp-content\/uploads\/2024\/03\/Captura-de-pantalla-2024-03-05-a-las-03.19.44-370x278.png 370w, https:\/\/acrossnt.com.ar\/wp-content\/uploads\/2024\/03\/Captura-de-pantalla-2024-03-05-a-las-03.19.44-840x630.png 840w, https:\/\/acrossnt.com.ar\/wp-content\/uploads\/2024\/03\/Captura-de-pantalla-2024-03-05-a-las-03.19.44-410x308.png 410w, https:\/\/acrossnt.com.ar\/wp-content\/uploads\/2024\/03\/Captura-de-pantalla-2024-03-05-a-las-03.19.44.png 1128w\" sizes=\"(max-width: 1024px) 100vw, 1024px\" \/>\t\t\t\t\t\t\t\t\t\t\t\t\t\t\t<\/div>\n\t\t\t\t<\/div>\n\t\t\t\t<\/div>\n\t\t\t\t\t<\/div>\n\t\t\t\t<\/div>\n\t\t\t\t<\/div>\n\t\t","protected":false},"excerpt":{"rendered":"<p>Servicio personalizado y de calidad En AcrossNT nos enfocamos en brindar un servicio personalizado y de calidad. Nos adaptamos a tus necesidades y te ofrecemos soluciones a medida para asegurar&hellip;<\/p>\n","protected":false},"author":1,"featured_media":0,"parent":24,"menu_order":0,"comment_status":"closed","ping_status":"closed","template":"","meta":{"rs_blank_template":"","rs_page_bg_color":"","slide_template_v7":"","_joinchat":[],"footnotes":""},"class_list":["post-841","page","type-page","status-publish","hentry"],"_links":{"self":[{"href":"https:\/\/acrossnt.com.ar\/index.php\/wp-json\/wp\/v2\/pages\/841","targetHints":{"allow":["GET"]}}],"collection":[{"href":"https:\/\/acrossnt.com.ar\/index.php\/wp-json\/wp\/v2\/pages"}],"about":[{"href":"https:\/\/acrossnt.com.ar\/index.php\/wp-json\/wp\/v2\/types\/page"}],"author":[{"embeddable":true,"href":"https:\/\/acrossnt.com.ar\/index.php\/wp-json\/wp\/v2\/users\/1"}],"replies":[{"embeddable":true,"href":"https:\/\/acrossnt.com.ar\/index.php\/wp-json\/wp\/v2\/comments?post=841"}],"version-history":[{"count":8,"href":"https:\/\/acrossnt.com.ar\/index.php\/wp-json\/wp\/v2\/pages\/841\/revisions"}],"predecessor-version":[{"id":1140,"href":"https:\/\/acrossnt.com.ar\/index.php\/wp-json\/wp\/v2\/pages\/841\/revisions\/1140"}],"up":[{"embeddable":true,"href":"https:\/\/acrossnt.com.ar\/index.php\/wp-json\/wp\/v2\/pages\/24"}],"wp:attachment":[{"href":"https:\/\/acrossnt.com.ar\/index.php\/wp-json\/wp\/v2\/media?parent=841"}],"curies":[{"name":"wp","href":"https:\/\/api.w.org\/{rel}","templated":true}]}}